{"id":31,"date":"2023-06-21T13:26:13","date_gmt":"2023-06-21T13:26:13","guid":{"rendered":"https:\/\/clinicapuntomedico.com\/?page_id=31"},"modified":"2025-02-20T19:42:58","modified_gmt":"2025-02-20T19:42:58","slug":"servicios","status":"publish","type":"page","link":"https:\/\/clinicapuntomedico.com\/index.php\/servicios\/","title":{"rendered":"Soy M\u00e9dico"},"content":{"rendered":"<style>\/*! elementor - v3.14.0 - 18-06-2023 *\/\n.elementor-heading-title{padding:0;margin:0;line-height:1}.elementor-widget-heading .elementor-heading-title[class*=elementor-size-]>a{color:inherit;font-size:inherit;line-height:inherit}.elementor-widget-heading .elementor-heading-title.elementor-size-small{font-size:15px}.elementor-widget-heading .elementor-heading-title.elementor-size-medium{font-size:19px}.elementor-widget-heading .elementor-heading-title.elementor-size-large{font-size:29px}.elementor-widget-heading .elementor-heading-title.elementor-size-xl{font-size:39px}.elementor-widget-heading .elementor-heading-title.elementor-size-xxl{font-size:59px}<\/style>\n<h2>Soy<strong> M\u00c9DICO<\/strong><\/h2>\n<style>\/*! elementor - v3.14.0 - 18-06-2023 *\/\n.elementor-widget-divider{--divider-border-style:none;--divider-border-width:1px;--divider-color:#0c0d0e;--divider-icon-size:20px;--divider-element-spacing:10px;--divider-pattern-height:24px;--divider-pattern-size:20px;--divider-pattern-url:none;--divider-pattern-repeat:repeat-x}.elementor-widget-divider .elementor-divider{display:flex}.elementor-widget-divider .elementor-divider__text{font-size:15px;line-height:1;max-width:95%}.elementor-widget-divider .elementor-divider__element{margin:0 var(--divider-element-spacing);flex-shrink:0}.elementor-widget-divider .elementor-icon{font-size:var(--divider-icon-size)}.elementor-widget-divider .elementor-divider-separator{display:flex;margin:0;direction:ltr}.elementor-widget-divider--view-line_icon .elementor-divider-separator,.elementor-widget-divider--view-line_text .elementor-divider-separator{align-items:center}.elementor-widget-divider--view-line_icon .elementor-divider-separator:after,.elementor-widget-divider--view-line_icon .elementor-divider-separator:before,.elementor-widget-divider--view-line_text .elementor-divider-separator:after,.elementor-widget-divider--view-line_text .elementor-divider-separator:before{display:block;content:\"\";border-bottom:0;flex-grow:1;border-top:var(--divider-border-width) var(--divider-border-style) var(--divider-color)}.elementor-widget-divider--element-align-left .elementor-divider .elementor-divider-separator>.elementor-divider__svg:first-of-type{flex-grow:0;flex-shrink:100}.elementor-widget-divider--element-align-left .elementor-divider-separator:before{content:none}.elementor-widget-divider--element-align-left .elementor-divider__element{margin-left:0}.elementor-widget-divider--element-align-right .elementor-divider .elementor-divider-separator>.elementor-divider__svg:last-of-type{flex-grow:0;flex-shrink:100}.elementor-widget-divider--element-align-right .elementor-divider-separator:after{content:none}.elementor-widget-divider--element-align-right .elementor-divider__element{margin-right:0}.elementor-widget-divider:not(.elementor-widget-divider--view-line_text):not(.elementor-widget-divider--view-line_icon) .elementor-divider-separator{border-top:var(--divider-border-width) var(--divider-border-style) var(--divider-color)}.elementor-widget-divider--separator-type-pattern{--divider-border-style:none}.elementor-widget-divider--separator-type-pattern.elementor-widget-divider--view-line .elementor-divider-separator,.elementor-widget-divider--separator-type-pattern:not(.elementor-widget-divider--view-line) .elementor-divider-separator:after,.elementor-widget-divider--separator-type-pattern:not(.elementor-widget-divider--view-line) .elementor-divider-separator:before,.elementor-widget-divider--separator-type-pattern:not([class*=elementor-widget-divider--view]) .elementor-divider-separator{width:100%;min-height:var(--divider-pattern-height);-webkit-mask-size:var(--divider-pattern-size) 100%;mask-size:var(--divider-pattern-size) 100%;-webkit-mask-repeat:var(--divider-pattern-repeat);mask-repeat:var(--divider-pattern-repeat);background-color:var(--divider-color);-webkit-mask-image:var(--divider-pattern-url);mask-image:var(--divider-pattern-url)}.elementor-widget-divider--no-spacing{--divider-pattern-size:auto}.elementor-widget-divider--bg-round{--divider-pattern-repeat:round}.rtl .elementor-widget-divider .elementor-divider__text{direction:rtl}.e-con-inner>.elementor-widget-divider,.e-con>.elementor-widget-divider{width:var(--container-widget-width,100%);--flex-grow:var(--container-widget-flex-grow)}<\/style>\n<p>Sabemos que algo de lo m\u00e1s importante para usted es que su paciente cuente con la mejor atenci\u00f3n por parte del personal de enfermer\u00eda y por ello estaremos felices de servirle con la mejor atenci\u00f3n a usted y a su paciente.<\/p>\n<p>Contamos con un equipo de enfermer\u00eda con la mejor disposici\u00f3n para atender sus necesidades.<\/p>\n<style>\/*! elementor - v3.14.0 - 18-06-2023 *\/\n.elementor-widget-image{text-align:center}.elementor-widget-image a{display:inline-block}.elementor-widget-image a img[src$=\".svg\"]{width:48px}.elementor-widget-image img{vertical-align:middle;display:inline-block}<\/style>\n<p>\t\t\t\t\t\t\t\t\t\t\t\t<img loading=\"lazy\" decoding=\"async\" width=\"800\" height=\"600\" src=\"https:\/\/clinicapuntomedico.com\/wp-content\/uploads\/2023\/06\/irwan-tweetbyirwan-QTiGyY47Si0-unsplash-1024x768.jpg\" alt=\"\" loading=\"lazy\" srcset=\"https:\/\/clinicapuntomedico.com\/wp-content\/uploads\/2023\/06\/irwan-tweetbyirwan-QTiGyY47Si0-unsplash-1024x768.jpg 1024w, https:\/\/clinicapuntomedico.com\/wp-content\/uploads\/2023\/06\/irwan-tweetbyirwan-QTiGyY47Si0-unsplash-300x225.jpg 300w, https:\/\/clinicapuntomedico.com\/wp-content\/uploads\/2023\/06\/irwan-tweetbyirwan-QTiGyY47Si0-unsplash-768x576.jpg 768w, https:\/\/clinicapuntomedico.com\/wp-content\/uploads\/2023\/06\/irwan-tweetbyirwan-QTiGyY47Si0-unsplash-1536x1152.jpg 1536w, https:\/\/clinicapuntomedico.com\/wp-content\/uploads\/2023\/06\/irwan-tweetbyirwan-QTiGyY47Si0-unsplash-2048x1536.jpg 2048w\" sizes=\"auto, (max-width: 800px) 100vw, 800px\" \/>\t\t\t\t\t\t\t\t\t\t\t\t\t\t\t<\/p>\n<h2>Cirug\u00edas y<strong> Procedimientos<\/strong><\/h2>\n<link rel=\"stylesheet\" href=\"https:\/\/clinicapuntomedico.com\/wp-content\/plugins\/elementor\/assets\/css\/widget-icon-list.min.css\">\n<ul>\n<li>\n\t\t\t\t\t\t\t\t\t\tAdmisi\u00f3n del paciente.\n\t\t\t\t\t\t\t\t\t<\/li>\n<li>\n\t\t\t\t\t\t\t\t\t\tRevisi\u00f3n y preparaci\u00f3n de requerimientos ordenados por el cirujano.\n\t\t\t\t\t\t\t\t\t<\/li>\n<li>\n\t\t\t\t\t\t\t\t\t\tPreparaci\u00f3n de un paquete de cirug\u00eda adecuado al procedimiento a realizar.\n\t\t\t\t\t\t\t\t\t<\/li>\n<li>\n\t\t\t\t\t\t\t\t\t\tQuir\u00f3fanos con todos los equipos necesarios.\n\t\t\t\t\t\t\t\t\t<\/li>\n<\/ul>\n<ul>\n<li>\n\t\t\t\t\t\t\t\t\t\tServicios de enfermer\u00eda.\n\t\t\t\t\t\t\t\t\t<\/li>\n<li>\n\t\t\t\t\t\t\t\t\t\tEnfermera instrumentista.\n\t\t\t\t\t\t\t\t\t<\/li>\n<li>\n\t\t\t\t\t\t\t\t\t\tEnfermera circulante.\n\t\t\t\t\t\t\t\t\t<\/li>\n<li>\n\t\t\t\t\t\t\t\t\t\tInstrumental m\u00e9dico.\n\t\t\t\t\t\t\t\t\t<\/li>\n<\/ul>\n<ul>\n<li>\n\t\t\t\t\t\t\t\t\t\tRopa quir\u00fargica.\n\t\t\t\t\t\t\t\t\t<\/li>\n<li>\n\t\t\t\t\t\t\t\t\t\tCeye.\n\t\t\t\t\t\t\t\t\t<\/li>\n<li>\n\t\t\t\t\t\t\t\t\t\tM\u00e1quina de anestesia.\n\t\t\t\t\t\t\t\t\t<\/li>\n<li>\n\t\t\t\t\t\t\t\t\t\tMonitor de signos vitales.\n\t\t\t\t\t\t\t\t\t<\/li>\n<\/ul>\n<ul>\n<li>\n\t\t\t\t\t\t\t\t\t\tMesa de cirug\u00eda.\n\t\t\t\t\t\t\t\t\t<\/li>\n<li>\n\t\t\t\t\t\t\t\t\t\tCapn\u00f3grafo.\n\t\t\t\t\t\t\t\t\t<\/li>\n<li>\n\t\t\t\t\t\t\t\t\t\tOximetr\u00eda.\n\t\t\t\t\t\t\t\t\t<\/li>\n<li>\n\t\t\t\t\t\t\t\t\t\tEntre otros.\n\t\t\t\t\t\t\t\t\t<\/li>\n<\/ul>\n<h2>Atenci\u00f3n a m\u00e9dicos<\/h2>\n<h2>Consultorios en renta<br \/>\n(Por mes, semana, d\u00eda u hora)<\/h2>\n<ul>\n<li>\n\t\t\t\t\t\t\t\t\t\tEquipamiento:\n\t\t\t\t\t\t\t\t\t<\/li>\n<li>\n\t\t\t\t\t\t\t\t\t\tEscritorio ejecutivo.\n\t\t\t\t\t\t\t\t\t<\/li>\n<li>\n\t\t\t\t\t\t\t\t\t\tSill\u00f3n ejecutivo.\n\t\t\t\t\t\t\t\t\t<\/li>\n<li>\n\t\t\t\t\t\t\t\t\t\tDos sillas para visitas.\n\t\t\t\t\t\t\t\t\t<\/li>\n<li>\n\t\t\t\t\t\t\t\t\t\tLavabo o ba\u00f1o.\n\t\t\t\t\t\t\t\t\t<\/li>\n<li>\n\t\t\t\t\t\t\t\t\t\tMesa de exploraci\u00f3n.\n\t\t\t\t\t\t\t\t\t<\/li>\n<li>\n\t\t\t\t\t\t\t\t\t\tNegatoscopio.\n\t\t\t\t\t\t\t\t\t<\/li>\n<\/ul>\n<ul>\n<li>\n\t\t\t\t\t\t\t\t\t\tServicios integrales:\n\t\t\t\t\t\t\t\t\t<\/li>\n<li>\n\t\t\t\t\t\t\t\t\t\tRecepcionista por piso.\n\t\t\t\t\t\t\t\t\t<\/li>\n<li>\n\t\t\t\t\t\t\t\t\t\tLimpieza diaria.\n\t\t\t\t\t\t\t\t\t<\/li>\n<li>\n\t\t\t\t\t\t\t\t\t\tVigilancia 24 horas.\n\t\t\t\t\t\t\t\t\t<\/li>\n<li>\n\t\t\t\t\t\t\t\t\t\tMantenimiento.\n\t\t\t\t\t\t\t\t\t<\/li>\n<\/ul>\n<style>\/*! elementor - v3.14.0 - 18-06-2023 *\/\n.elementor-widget-image-carousel .swiper,.elementor-widget-image-carousel .swiper-container{position:static}.elementor-widget-image-carousel .swiper-container .swiper-slide figure,.elementor-widget-image-carousel .swiper .swiper-slide figure{line-height:inherit}.elementor-widget-image-carousel .swiper-slide{text-align:center}.elementor-image-carousel-wrapper:not(.swiper-container-initialized):not(.swiper-initialized) .swiper-slide{max-width:calc(100% \/ var(--e-image-carousel-slides-to-show, 3))}<\/style>\n<figure><img decoding=\"async\" src=\"https:\/\/clinicapuntomedico.com\/wp-content\/uploads\/elementor\/thumbs\/Cons-403-5-scaled-q8cudngae4o0fsx9lwxzigovypv50hmv6qqicgml5s.jpg\" alt=\"Cons-403 (5)\" \/><\/figure>\n<figure><img decoding=\"async\" src=\"https:\/\/clinicapuntomedico.com\/wp-content\/uploads\/elementor\/thumbs\/Cons-502-10-scaled-q8cus46vkcgv3rwv561avta926khgt25uc5i7r6heo.jpg\" alt=\"Cons-502 (10)\" \/><\/figure>\n<figure><img decoding=\"async\" src=\"https:\/\/clinicapuntomedico.com\/wp-content\/uploads\/elementor\/thumbs\/Piso-5-recepci\u00a6n-1-scaled-q8cusej3niv0nhhugsi758oblf5ith77jrbuhsr5i8.jpg\" alt=\"Piso 5 recepci+\u00a6n-1\" \/><\/figure>\n","protected":false},"excerpt":{"rendered":"<p>Soy M\u00c9DICO Sabemos que algo de lo m\u00e1s importante para usted es que su paciente cuente con la mejor atenci\u00f3n por parte del personal de enfermer\u00eda y por ello estaremos felices de servirle con la mejor atenci\u00f3n a usted y a su paciente. Contamos con un equipo de enfermer\u00eda con la mejor disposici\u00f3n para atender sus necesidades. Cirug\u00edas y Procedimientos Admisi\u00f3n del paciente. Revisi\u00f3n y preparaci\u00f3n de requerimientos ordenados por el cirujano. Preparaci\u00f3n de un paquete de cirug\u00eda adecuado al procedimiento a realizar. Quir\u00f3fanos con todos los equipos necesarios. Servicios de enfermer\u00eda. Enfermera instrumentista. Enfermera circulante. Instrumental m\u00e9dico. Ropa quir\u00fargica. Ceye. M\u00e1quina de anestesia. Monitor de signos vitales. Mesa de cirug\u00eda. Capn\u00f3grafo. Oximetr\u00eda. Entre otros. Atenci\u00f3n a m\u00e9dicos Consultorios en renta (Por mes, semana, d\u00eda u hora) Equipamiento: Escritorio ejecutivo. Sill\u00f3n ejecutivo. Dos sillas para visitas. Lavabo o ba\u00f1o. Mesa de exploraci\u00f3n. Negatoscopio. Servicios integrales: Recepcionista por piso. Limpieza diaria. Vigilancia 24 horas. Mantenimiento.<\/p>\n","protected":false},"author":1,"featured_media":0,"parent":0,"menu_order":0,"comment_status":"closed","ping_status":"closed","template":"","meta":{"footnotes":""},"class_list":["post-31","page","type-page","status-publish","hentry"],"_links":{"self":[{"href":"https:\/\/clinicapuntomedico.com\/index.php\/wp-json\/wp\/v2\/pages\/31","targetHints":{"allow":["GET"]}}],"collection":[{"href":"https:\/\/clinicapuntomedico.com\/index.php\/wp-json\/wp\/v2\/pages"}],"about":[{"href":"https:\/\/clinicapuntomedico.com\/index.php\/wp-json\/wp\/v2\/types\/page"}],"author":[{"embeddable":true,"href":"https:\/\/clinicapuntomedico.com\/index.php\/wp-json\/wp\/v2\/users\/1"}],"replies":[{"embeddable":true,"href":"https:\/\/clinicapuntomedico.com\/index.php\/wp-json\/wp\/v2\/comments?post=31"}],"version-history":[{"count":147,"href":"https:\/\/clinicapuntomedico.com\/index.php\/wp-json\/wp\/v2\/pages\/31\/revisions"}],"predecessor-version":[{"id":1732,"href":"https:\/\/clinicapuntomedico.com\/index.php\/wp-json\/wp\/v2\/pages\/31\/revisions\/1732"}],"wp:attachment":[{"href":"https:\/\/clinicapuntomedico.com\/index.php\/wp-json\/wp\/v2\/media?parent=31"}],"curies":[{"name":"wp","href":"https:\/\/api.w.org\/{rel}","templated":true}]}}