{"id":25,"date":"2023-06-21T13:25:31","date_gmt":"2023-06-21T13:25:31","guid":{"rendered":"https:\/\/clinicapuntomedico.com\/?page_id=25"},"modified":"2025-02-20T19:42:26","modified_gmt":"2025-02-20T19:42:26","slug":"inicio","status":"publish","type":"page","link":"https:\/\/clinicapuntomedico.com\/","title":{"rendered":"Inicio"},"content":{"rendered":"<style>\/*! elementor - v3.14.0 - 18-06-2023 *\/\n.elementor-widget-image{text-align:center}.elementor-widget-image a{display:inline-block}.elementor-widget-image a img[src$=\".svg\"]{width:48px}.elementor-widget-image img{vertical-align:middle;display:inline-block}<\/style>\n<p>\t\t\t\t\t\t\t\t\t\t\t\t<img loading=\"lazy\" decoding=\"async\" width=\"539\" height=\"513\" src=\"https:\/\/clinicapuntomedico.com\/wp-content\/uploads\/2023\/06\/about.png\" alt=\"\" loading=\"lazy\" srcset=\"https:\/\/clinicapuntomedico.com\/wp-content\/uploads\/2023\/06\/about.png 539w, https:\/\/clinicapuntomedico.com\/wp-content\/uploads\/2023\/06\/about-300x286.png 300w\" sizes=\"auto, (max-width: 539px) 100vw, 539px\" \/>\t\t\t\t\t\t\t\t\t\t\t\t\t\t\t<\/p>\n<style>\/*! elementor - v3.14.0 - 18-06-2023 *\/\n.elementor-heading-title{padding:0;margin:0;line-height:1}.elementor-widget-heading .elementor-heading-title[class*=elementor-size-]>a{color:inherit;font-size:inherit;line-height:inherit}.elementor-widget-heading .elementor-heading-title.elementor-size-small{font-size:15px}.elementor-widget-heading .elementor-heading-title.elementor-size-medium{font-size:19px}.elementor-widget-heading .elementor-heading-title.elementor-size-large{font-size:29px}.elementor-widget-heading .elementor-heading-title.elementor-size-xl{font-size:39px}.elementor-widget-heading .elementor-heading-title.elementor-size-xxl{font-size:59px}<\/style>\n<h2>Nuestro<strong> Objetivo<\/strong><\/h2>\n<style>\/*! elementor - v3.14.0 - 18-06-2023 *\/\n.elementor-widget-divider{--divider-border-style:none;--divider-border-width:1px;--divider-color:#0c0d0e;--divider-icon-size:20px;--divider-element-spacing:10px;--divider-pattern-height:24px;--divider-pattern-size:20px;--divider-pattern-url:none;--divider-pattern-repeat:repeat-x}.elementor-widget-divider .elementor-divider{display:flex}.elementor-widget-divider .elementor-divider__text{font-size:15px;line-height:1;max-width:95%}.elementor-widget-divider .elementor-divider__element{margin:0 var(--divider-element-spacing);flex-shrink:0}.elementor-widget-divider .elementor-icon{font-size:var(--divider-icon-size)}.elementor-widget-divider .elementor-divider-separator{display:flex;margin:0;direction:ltr}.elementor-widget-divider--view-line_icon .elementor-divider-separator,.elementor-widget-divider--view-line_text .elementor-divider-separator{align-items:center}.elementor-widget-divider--view-line_icon .elementor-divider-separator:after,.elementor-widget-divider--view-line_icon .elementor-divider-separator:before,.elementor-widget-divider--view-line_text .elementor-divider-separator:after,.elementor-widget-divider--view-line_text .elementor-divider-separator:before{display:block;content:\"\";border-bottom:0;flex-grow:1;border-top:var(--divider-border-width) var(--divider-border-style) var(--divider-color)}.elementor-widget-divider--element-align-left .elementor-divider .elementor-divider-separator>.elementor-divider__svg:first-of-type{flex-grow:0;flex-shrink:100}.elementor-widget-divider--element-align-left .elementor-divider-separator:before{content:none}.elementor-widget-divider--element-align-left .elementor-divider__element{margin-left:0}.elementor-widget-divider--element-align-right .elementor-divider .elementor-divider-separator>.elementor-divider__svg:last-of-type{flex-grow:0;flex-shrink:100}.elementor-widget-divider--element-align-right .elementor-divider-separator:after{content:none}.elementor-widget-divider--element-align-right .elementor-divider__element{margin-right:0}.elementor-widget-divider:not(.elementor-widget-divider--view-line_text):not(.elementor-widget-divider--view-line_icon) .elementor-divider-separator{border-top:var(--divider-border-width) var(--divider-border-style) var(--divider-color)}.elementor-widget-divider--separator-type-pattern{--divider-border-style:none}.elementor-widget-divider--separator-type-pattern.elementor-widget-divider--view-line .elementor-divider-separator,.elementor-widget-divider--separator-type-pattern:not(.elementor-widget-divider--view-line) .elementor-divider-separator:after,.elementor-widget-divider--separator-type-pattern:not(.elementor-widget-divider--view-line) .elementor-divider-separator:before,.elementor-widget-divider--separator-type-pattern:not([class*=elementor-widget-divider--view]) .elementor-divider-separator{width:100%;min-height:var(--divider-pattern-height);-webkit-mask-size:var(--divider-pattern-size) 100%;mask-size:var(--divider-pattern-size) 100%;-webkit-mask-repeat:var(--divider-pattern-repeat);mask-repeat:var(--divider-pattern-repeat);background-color:var(--divider-color);-webkit-mask-image:var(--divider-pattern-url);mask-image:var(--divider-pattern-url)}.elementor-widget-divider--no-spacing{--divider-pattern-size:auto}.elementor-widget-divider--bg-round{--divider-pattern-repeat:round}.rtl .elementor-widget-divider .elementor-divider__text{direction:rtl}.e-con-inner>.elementor-widget-divider,.e-con>.elementor-widget-divider{width:var(--container-widget-width,100%);--flex-grow:var(--container-widget-flex-grow)}<\/style>\n<p>Proporcionar a m\u00e9dicos y pacientes la mejor atenci\u00f3n, en un centro de ideal ubicaci\u00f3n, con servicios de excelencia.\u00a0<\/p>\n<p>\t\t<a data-text=\"Ir\" href=\"https:\/\/clinicapuntomedico.com\/index.php\/servicios\/#medico\"><br \/>\n\t\t\t\t\t\t\t\t\tSoy m\u00e9dico<br \/>\n\t\t<\/a><br \/>\n\t\t<a data-text=\"Ir\" href=\"https:\/\/clinicapuntomedico.com\/index.php\/servicios\/#paciente\"><br \/>\n\t\t\t\t\t\t\t\t\tSoy paciente<br \/>\n\t\t<\/a><\/p>\n<h2>RENTA DE <strong>QUIR\u00d3FANOS<\/strong><\/h2>\n<link rel=\"stylesheet\" href=\"https:\/\/clinicapuntomedico.com\/wp-content\/plugins\/elementor\/assets\/css\/widget-icon-list.min.css\">\n<ul>\n<li>\n\t\t\t\t\t\t\t\t\t\tUbicaci\u00f3n privilegiada.\n\t\t\t\t\t\t\t\t\t<\/li>\n<li>\n\t\t\t\t\t\t\t\t\t\tInstalaciones de excelencia en un edificio de  niveles.\n\t\t\t\t\t\t\t\t\t<\/li>\n<li>\n\t\t\t\t\t\t\t\t\t\t20 consultorios equipados y amueblados.\n\t\t\t\t\t\t\t\t\t<\/li>\n<li>\n\t\t\t\t\t\t\t\t\t\t2 quir\u00f3fanos equipados para cirug\u00edas de corta distancia.\n\t\t\t\t\t\t\t\t\t<\/li>\n<li>\n\t\t\t\t\t\t\t\t\t\t7 habitaciones para recuperaci\u00f3n de pacientes con TV con cable.\n\t\t\t\t\t\t\t\t\t<\/li>\n<li>\n\t\t\t\t\t\t\t\t\t\tDos salas de recuperaci\u00f3n postoperatoria.\n\t\t\t\t\t\t\t\t\t<\/li>\n<\/ul>\n<h2>Renta de<strong> consultorios<\/strong><\/h2>\n<ul>\n<li>\n\t\t\t\t\t\t\t\t\t\tPor mes, semana, d\u00eda u hora.\n\t\t\t\t\t\t\t\t\t<\/li>\n<li>\n\t\t\t\t\t\t\t\t\t\tServicios incluidos.\n\t\t\t\t\t\t\t\t\t<\/li>\n<li>\n\t\t\t\t\t\t\t\t\t\tAmueblados y equipados.\n\t\t\t\t\t\t\t\t\t<\/li>\n<li>\n\t\t\t\t\t\t\t\t\t\tRecepcionista de piso\n\t\t\t\t\t\t\t\t\t<\/li>\n<li>\n\t\t\t\t\t\t\t\t\t\tSala de espera por piso.\n\t\t\t\t\t\t\t\t\t<\/li>\n<li>\n\t\t\t\t\t\t\t\t\t\tLimpieza diaria.\n\t\t\t\t\t\t\t\t\t<\/li>\n<li>\n\t\t\t\t\t\t\t\t\t\tVigilancia 24 horas.\n\t\t\t\t\t\t\t\t\t<\/li>\n<\/ul>\n<h2>Paciente<\/h2>\n<ul>\n<li>\n<h2><a target=\"_blank\" rel=\"nofollow noopener\"><\/a><\/h2>\n<p>Atenci\u00f3n personalizada del Director M\u00e9dico<\/p>\n<\/li>\n<li>\n<h2><a target=\"_blank\" rel=\"nofollow noopener\"><\/a><\/h2>\n<p>El paciente es remitido con un especialista del grupo de m\u00e9dicos de Punto M\u00e9dico.<\/p>\n<\/li>\n<li>\n<h2><a target=\"_blank\" rel=\"nofollow noopener\"><\/a><\/h2>\n<p>El paciente es atendido por el especialista y se determina el tipo de tratamiento.<\/p>\n<\/li>\n<\/ul>\n<h2>M\u00e9dico<\/h2>\n<ul>\n<li>\n<h2><a target=\"_blank\" rel=\"nofollow noopener\"><\/a><\/h2>\n<p>Atenci\u00f3n personalizada de la Direcci\u00f3n Administrativa.<\/p>\n<\/li>\n<li>\n<h2><a target=\"_blank\" rel=\"nofollow noopener\"><\/a><\/h2>\n<p>Se revisan las necesidades del especialista y se le prepara un paquete a la medida.<\/p>\n<\/li>\n<li>\n<h2><a target=\"_blank\" rel=\"nofollow noopener\"><\/a><\/h2>\n<p>El paquete es integral. Con la renta del consultorio se incluyen servicios de apoyo en recepci\u00f3n, telefonista, etc.<\/p>\n<\/li>\n<\/ul>\n<h2>UBICACI\u00d3N<\/h2>\n<h2>\u00bfC\u00f3mo llegar a <strong>Punto M\u00e9dico<\/strong>?<\/h2>\n<ul>\n<li>\n\t\t\t\t\t\t\t\t\t\tSi usted llega en autom\u00f3vil, la forma m\u00e1s accesible es por la calle de Quer\u00e9taro y, a pocos metros de encontrar la calle de Frontera, hay un estacionamiento (puerta amarilla)  en Quer\u00e9taro 20, con precio por hora muy razonable.\n\t\t\t\t\t\t\t\t\t<\/li>\n<li>\n\t\t\t\t\t\t\t\t\t\tOtra forma de arribar es por Frontera. Pasando la calle de Quer\u00e9taro, a metros de la esquina, en Frontera 187 bis, frente a la gasolinera, donde recibir\u00e1 su auto el encargado de valet parking.\n\t\t\t\t\t\t\t\t\t<\/li>\n<li>\n\t\t\t\t\t\t\t\t\t\tSi usted llega por Metro, deber\u00e1 tomar la l\u00ednea 3, bajar en la estaci\u00f3n Hospital General, y recorrer a pie las dos calles restantes.\n\t\t\t\t\t\t\t\t\t<\/li>\n<li>\n\t\t\t\t\t\t\t\t\t\tSi utiliza el Metrob\u00fas, deber\u00e1 bajar en la estaci\u00f3n Hospital General y caminar una calle.\n\t\t\t\t\t\t\t\t\t<\/li>\n<li>\n\t\t\t\t\t\t\t\t\t\tSi opta por el Troleb\u00fas, que va de Chapultepec a Pantitl\u00e1n, baje en avenida Cuauht\u00e9moc y nos encontrar\u00e1 a media cuadra.\n\t\t\t\t\t\t\t\t\t<\/li>\n<\/ul>\n<style>\/*! elementor - v3.14.0 - 18-06-2023 *\/\n.elementor-widget-google_maps .elementor-widget-container{overflow:hidden}.elementor-widget-google_maps .elementor-custom-embed{line-height:0}.elementor-widget-google_maps iframe{height:300px}<\/style>\n<p>\t\t\t<iframe loading=\"lazy\"\n\t\t\t\t\tsrc=\"https:\/\/maps.google.com\/maps?q=Cl%C3%ADnica%20Punto%20Medico%2C%20Roma%20Norte%2C%20Ciudad%20de%20M%C3%A9xico%2C%20CDMX%2C%20M%C3%A9xico&#038;t=m&#038;z=20&#038;output=embed&#038;iwloc=near\"\n\t\t\t\t\ttitle=\"Cl\u00ednica Punto Medico, Roma Norte, Ciudad de M\u00e9xico, CDMX, M\u00e9xico\"\n\t\t\t\t\taria-label=\"Cl\u00ednica Punto Medico, Roma Norte, Ciudad de M\u00e9xico, CDMX, M\u00e9xico\"\n\t\t\t><\/iframe><\/p>\n","protected":false},"excerpt":{"rendered":"<p>Nuestro Objetivo Proporcionar a m\u00e9dicos y pacientes la mejor atenci\u00f3n, en un centro de ideal ubicaci\u00f3n, con servicios de excelencia.\u00a0 Soy m\u00e9dico Soy paciente RENTA DE QUIR\u00d3FANOS Ubicaci\u00f3n privilegiada. Instalaciones de excelencia en un edificio de niveles. 20 consultorios equipados y amueblados. 2 quir\u00f3fanos equipados para cirug\u00edas de corta distancia. 7 habitaciones para recuperaci\u00f3n de pacientes con TV con cable. Dos salas de recuperaci\u00f3n postoperatoria. Renta de consultorios Por mes, semana, d\u00eda u hora. Servicios incluidos. Amueblados y equipados. Recepcionista de piso Sala de espera por piso. Limpieza diaria. Vigilancia 24 horas. Paciente Atenci\u00f3n personalizada del Director M\u00e9dico El paciente es remitido con un especialista del grupo de m\u00e9dicos de Punto M\u00e9dico. El paciente es atendido por el especialista y se determina el tipo de tratamiento. M\u00e9dico Atenci\u00f3n personalizada de la Direcci\u00f3n Administrativa. Se revisan las necesidades del especialista y se le prepara un paquete a la medida. El paquete es integral. Con la renta del consultorio se incluyen servicios de apoyo en recepci\u00f3n, telefonista, etc. UBICACI\u00d3N \u00bfC\u00f3mo llegar a Punto M\u00e9dico? Si usted llega en autom\u00f3vil, la forma m\u00e1s accesible es por la calle de Quer\u00e9taro y, a pocos metros de encontrar la calle de Frontera, hay un estacionamiento (puerta amarilla) en Quer\u00e9taro 20, con precio por hora muy razonable. Otra forma de arribar es por Frontera. Pasando la calle de Quer\u00e9taro, a metros de la esquina, en Frontera 187 bis, frente a la gasolinera, donde recibir\u00e1 su auto el encargado de valet parking. Si usted llega por Metro, deber\u00e1 tomar la l\u00ednea 3, bajar en la estaci\u00f3n Hospital General, y recorrer a pie las dos calles restantes. Si utiliza el Metrob\u00fas, deber\u00e1 bajar en la estaci\u00f3n Hospital General y caminar una calle. Si opta por el Troleb\u00fas, que va de Chapultepec a Pantitl\u00e1n, baje en avenida Cuauht\u00e9moc y nos encontrar\u00e1 a media cuadra.<\/p>\n","protected":false},"author":1,"featured_media":0,"parent":0,"menu_order":0,"comment_status":"closed","ping_status":"closed","template":"","meta":{"footnotes":""},"class_list":["post-25","page","type-page","status-publish","hentry"],"_links":{"self":[{"href":"https:\/\/clinicapuntomedico.com\/index.php\/wp-json\/wp\/v2\/pages\/25","targetHints":{"allow":["GET"]}}],"collection":[{"href":"https:\/\/clinicapuntomedico.com\/index.php\/wp-json\/wp\/v2\/pages"}],"about":[{"href":"https:\/\/clinicapuntomedico.com\/index.php\/wp-json\/wp\/v2\/types\/page"}],"author":[{"embeddable":true,"href":"https:\/\/clinicapuntomedico.com\/index.php\/wp-json\/wp\/v2\/users\/1"}],"replies":[{"embeddable":true,"href":"https:\/\/clinicapuntomedico.com\/index.php\/wp-json\/wp\/v2\/comments?post=25"}],"version-history":[{"count":343,"href":"https:\/\/clinicapuntomedico.com\/index.php\/wp-json\/wp\/v2\/pages\/25\/revisions"}],"predecessor-version":[{"id":1647,"href":"https:\/\/clinicapuntomedico.com\/index.php\/wp-json\/wp\/v2\/pages\/25\/revisions\/1647"}],"wp:attachment":[{"href":"https:\/\/clinicapuntomedico.com\/index.php\/wp-json\/wp\/v2\/media?parent=25"}],"curies":[{"name":"wp","href":"https:\/\/api.w.org\/{rel}","templated":true}]}}